{"id":1095,"date":"2020-07-01T17:56:16","date_gmt":"2020-07-01T17:56:16","guid":{"rendered":"https:\/\/villaludwig.de\/?page_id=1095"},"modified":"2023-06-12T15:55:13","modified_gmt":"2023-06-12T15:55:13","slug":"partner","status":"publish","type":"page","link":"https:\/\/villaludwig.de\/en\/partner\/","title":{"rendered":"Partner"},"content":{"rendered":"<p>[et_pb_section fb_built=&#8220;1&#8243; _builder_version=&#8220;4.16&#8243; custom_padding=&#8220;||10px|||&#8220; global_colors_info=&#8220;{}&#8220;][et_pb_row _builder_version=&#8220;4.16&#8243; global_colors_info=&#8220;{}&#8220;][et_pb_column type=&#8220;4_4&#8243; _builder_version=&#8220;4.16&#8243; global_colors_info=&#8220;{}&#8220;][\/et_pb_column][\/et_pb_row][\/et_pb_section][et_pb_section fb_built=&#8220;1&#8243; _builder_version=&#8220;4.16&#8243; custom_padding=&#8220;||170px|||&#8220; global_colors_info=&#8220;{}&#8220;][et_pb_row column_structure=&#8220;1_3,1_3,1_3&#8243; use_custom_gutter=&#8220;on&#8220; gutter_width=&#8220;2&#8243; _builder_version=&#8220;4.16&#8243; _module_preset=&#8220;default&#8220; global_colors_info=&#8220;{}&#8220;][et_pb_column type=&#8220;1_3&#8243; _builder_version=&#8220;4.16&#8243; _module_preset=&#8220;default&#8220; global_colors_info=&#8220;{}&#8220;][et_pb_blurb title=&#8220;Intense&#8220; image=&#8220;https:\/\/villaludwig.de\/wp-content\/uploads\/2020\/10\/IntenseLogo-schwarzkl-300&#215;25.png&#8220; alt=&#8220;Intense&#8220; _builder_version=&#8220;4.17.3&#8243; _module_preset=&#8220;default&#8220; text_orientation=&#8220;center&#8220; max_width=&#8220;320px&#8220; min_height=&#8220;500px&#8220; height=&#8220;45vh&#8220; height_tablet=&#8220;&#8220; height_phone=&#8220;50vh&#8220; height_last_edited=&#8220;on|phone&#8220; custom_padding=&#8220;50px|15px|50px|15px|true|true&#8220; animation_style=&#8220;none&#8220; global_colors_info=&#8220;{}&#8220;]<\/p>\n<div class=\"partner-right\">\n<p><b>Restaurant<br \/><\/b><\/p>\n<p class=\"bodytext\">Weinstra\u00dfe 31<br \/>67157 Wachenheim<\/p>\n<p>Telefon: 06322 &#8211; 959 1150<br \/><a href=\"mailto:kontakt@restaurant-inten.se\">kontakt@restaurant-inten.se<\/a><br \/><a href=\"http:\/\/www.restaurant-inten.se\" target=\"_blank\" rel=\"noopener noreferrer\" title=\"www.restaurant-inten.se\">www.restaurant-inten.se<\/a><\/p>\n<\/div>\n<p>[\/et_pb_blurb][et_pb_blurb title=&#8220;Ketschauer Hof&#8220; image=&#8220;https:\/\/villaludwig.de\/wp-content\/uploads\/2020\/10\/KetschauerHof_01.png&#8220; alt=&#8220;Ketschauer Hof&#8220; _builder_version=&#8220;4.17.3&#8243; _module_preset=&#8220;default&#8220; text_orientation=&#8220;center&#8220; max_width=&#8220;320px&#8220; min_height=&#8220;500px&#8220; height=&#8220;45vh&#8220; height_tablet=&#8220;&#8220; height_phone=&#8220;50vh&#8220; height_last_edited=&#8220;on|phone&#8220; animation_style=&#8220;none&#8220; global_colors_info=&#8220;{}&#8220;]<\/p>\n<div class=\"partner-right\">\n<p><b>Hotel &amp; Restaurant<br \/><\/b><\/p>\n<p class=\"bodytext\">Ketschauerhofstra\u00dfe 1<br \/>67146 Deidesheim<\/p>\n<p>Telefon: 06326 &#8211; 70 000<br \/>Telefax: 0 63 26 &#8211; 70 00 99<br \/><a href=\"mailto:info@ketschauer-hof.com\">info@ketschauer-hof.com<\/a><br \/><a href=\"http:\/\/www.ketschauer-hof.com\/\" title=\"Opens external link in new window\" target=\"_blank\" class=\"external-link-new-window\" rel=\"noopener noreferrer\">www.ketschauer-hof.com<\/a><a title=\"Opens window for sending email\" class=\"mail\"><br \/><\/a><\/p>\n<\/div>\n<p>[\/et_pb_blurb][\/et_pb_column][et_pb_column type=&#8220;1_3&#8243; _builder_version=&#8220;4.16&#8243; _module_preset=&#8220;default&#8220; global_colors_info=&#8220;{}&#8220;][et_pb_blurb title=&#8220;The Izakaya&#8220; image=&#8220;https:\/\/villaludwig.de\/wp-content\/uploads\/2020\/11\/Izakaya-black.png&#8220; alt=&#8220;Izakaya&#8220; _builder_version=&#8220;4.16&#8243; _module_preset=&#8220;default&#8220; text_orientation=&#8220;center&#8220; max_width=&#8220;320px&#8220; min_height=&#8220;500px&#8220; height=&#8220;45vh&#8220; height_tablet=&#8220;&#8220; height_phone=&#8220;50vh&#8220; height_last_edited=&#8220;on|phone&#8220; custom_padding=&#8220;50px|15px|50px|15px|true|true&#8220; animation_style=&#8220;none&#8220; global_colors_info=&#8220;{}&#8220;]<\/p>\n<div class=\"partner-right\">\n<p><b>Restaurant<\/b><\/p>\n<p class=\"bodytext\">Weinstra\u00dfe 36<br \/> 67157 Wachenheim<\/p>\n<p>Telefon: 06322 &#8211; 959 3729<a href=\"https:\/\/www.the-izakaya.com\" target=\"_blank\" rel=\"noopener noreferrer\" title=\"www.the-izakaya.com\"><br \/> <\/a><a href=\"mailto:kontakt@the-izakaya.com\">kontakt@the-izakaya.com<\/a><a href=\"https:\/\/www.the-izakaya.com\" target=\"_blank\" rel=\"noopener noreferrer\" title=\"www.the-izakaya.com\"><br \/> <\/a><a href=\"http:\/\/www.the-izakaya.com\" target=\"_blank\" rel=\"noopener noreferrer\" title=\"www.the-izakaya.com\">www.the-izakaya.com<\/a><a title=\"Opens window for sending email\" class=\"mail\"><\/a><a href=\"https:\/\/www.the-izakaya.com\" target=\"_blank\" rel=\"noopener noreferrer\" title=\"www.the-izakaya.com\"><\/a><\/p>\n<\/div>\n<p>[\/et_pb_blurb][et_pb_blurb title=&#8220;Kaisergarten \u00b4&#8220; image=&#8220;https:\/\/villaludwig.de\/wp-content\/uploads\/2020\/10\/KG_01.png&#8220; alt=&#8220;Kaisergarten&#8220; _builder_version=&#8220;4.17.3&#8243; _module_preset=&#8220;default&#8220; text_orientation=&#8220;center&#8220; max_width=&#8220;320px&#8220; min_height=&#8220;500px&#8220; height=&#8220;45vh&#8220; height_tablet=&#8220;&#8220; height_phone=&#8220;50vh&#8220; height_last_edited=&#8220;on|phone&#8220; animation_style=&#8220;none&#8220; global_colors_info=&#8220;{}&#8220;]<\/p>\n<div class=\"partner-right\">\n<p><b>Hotel &amp; Spa <\/b><\/p>\n<p class=\"bodytext\">Weinstra\u00dfe 12<br \/>67146 Deidesheim<\/p>\n<p class=\"bodytext\">Telefon:\u00a0 06326 &#8211; 70 00 77<br \/>Telefax:\u00a0 06326 &#8211; 70 00 78<br \/><a href=\"mailto:info@kaisergarten-deidesheim.com\">info@kaisergarten-deidesheim.com<\/a><br \/><a href=\"http:\/\/www.kaisergarten-deidesheim.de\/\" title=\"Opens external link in new window\" target=\"_blank\" class=\"external-link-new-window\" rel=\"noopener noreferrer\">www.kaisergarten-deidesheim.de<\/a><\/p>\n<\/div>\n<p>[\/et_pb_blurb][\/et_pb_column][et_pb_column type=&#8220;1_3&#8243; _builder_version=&#8220;4.16&#8243; _module_preset=&#8220;default&#8220; global_colors_info=&#8220;{}&#8220;][et_pb_blurb title=&#8220;Rivi\u00e8ra Maison&#8220; image=&#8220;https:\/\/villaludwig.de\/wp-content\/uploads\/2020\/10\/LOGO-RM2.jpg.png&#8220; alt=&#8220;Riviera Maison&#8220; _builder_version=&#8220;4.16&#8243; _module_preset=&#8220;default&#8220; header_text_align=&#8220;center&#8220; max_width=&#8220;320px&#8220; min_height=&#8220;500px&#8220; height=&#8220;45vh&#8220; height_tablet=&#8220;&#8220; height_phone=&#8220;50vh&#8220; height_last_edited=&#8220;on|phone&#8220; animation_style=&#8220;none&#8220; global_colors_info=&#8220;{}&#8220;]<\/p>\n<div class=\"partner-right\">\n<p>Unsere Ferienwohnungen sind alle mit den hochwertigen und individuellen Produkten der Firma <a href=\"https:\/\/rivieramaison.de\/\" target=\"_blank\" rel=\"noopener noreferrer\" title=\"Homepage Rivi\u00e8ra Maison\">Rivi\u00e8ra Maison<\/a> ausgestattet.<br \/> Die Produkte von Rivi\u00e8ra Maison stehen f\u00fcr gem\u00fctliche aussagekr\u00e4ftige Lifestyle-Produkte, die begeistern.<\/p>\n<p>Alle Produkte k\u00f6nnen bei uns auch k\u00e4uflich erworben werden. Gerne beraten wir Sie bei der Gestaltung Ihres Eigenheims.<\/p>\n<\/div>\n<p>[\/et_pb_blurb][et_pb_blurb title=&#8220;Eselsburg&#8220; image=&#8220;https:\/\/villaludwig.de\/wp-content\/uploads\/2021\/01\/Logo_Eselsburg_Ueberarbeitung2012_CMYK11-150&#215;150.png&#8220; alt=&#8220;Kaisergarten&#8220; _builder_version=&#8220;4.17.3&#8243; _module_preset=&#8220;default&#8220; text_orientation=&#8220;center&#8220; max_width=&#8220;320px&#8220; min_height=&#8220;500px&#8220; height=&#8220;45vh&#8220; height_tablet=&#8220;&#8220; height_phone=&#8220;50vh&#8220; height_last_edited=&#8220;on|phone&#8220; animation_style=&#8220;none&#8220; global_colors_info=&#8220;{}&#8220;]<\/p>\n<div class=\"partner-right\">\n<p><b>Restaurant <\/b><\/p>\n<p class=\"bodytext\">Kurpfalzstra\u00dfe 62<br \/>67435 Neustadt\/Mu\u00dfbach<\/p>\n<p class=\"bodytext\">Telefon:\u00a0 06321 &#8211; 66984<br \/><a href=\"mailto:schorle@eselsburg.de\">schorle@eselsburg.de<\/a><br \/><a href=\"https:\/\/www.eselsburg.de\/\" title=\"Opens external link in new window\" target=\"_blank\" class=\"external-link-new-window\" rel=\"noopener noreferrer\">www.eselsburg.de<\/a><\/p>\n<\/div>\n<p>[\/et_pb_blurb][\/et_pb_column][\/et_pb_row][\/et_pb_section]<\/p>\n","protected":false},"excerpt":{"rendered":"<p>Restaurant Weinstra\u00dfe 3167157 Wachenheim Telefon: 06322 &#8211; 959 1150kontakt@restaurant-inten.sewww.restaurant-inten.se Hotel &amp; Restaurant Ketschauerhofstra\u00dfe 167146 Deidesheim Telefon: 06326 &#8211; 70 000Telefax: 0 63 26 &#8211; 70 00 99info@ketschauer-hof.comwww.ketschauer-hof.com Restaurant Weinstra\u00dfe 36 67157 Wachenheim Telefon: 06322 &#8211; 959 3729 kontakt@the-izakaya.com www.the-izakaya.com Hotel &amp; Spa Weinstra\u00dfe 1267146 Deidesheim Telefon:\u00a0 06326 &#8211; 70 00 77Telefax:\u00a0 06326 &#8211; 70 00 [&hellip;]<\/p>\n","protected":false},"author":1,"featured_media":0,"parent":0,"menu_order":0,"comment_status":"closed","ping_status":"closed","template":"","meta":{"_et_pb_use_builder":"on","_et_pb_old_content":"","_et_gb_content_width":"","footnotes":""},"class_list":["post-1095","page","type-page","status-publish","hentry"],"yoast_head":"<!-- This site is optimized with the Yoast SEO plugin v27.4 - https:\/\/yoast.com\/product\/yoast-seo-wordpress\/ -->\n<title>Partner - Villa Ludwig<\/title>\n<meta name=\"robots\" content=\"index, follow, max-snippet:-1, max-image-preview:large, max-video-preview:-1\" \/>\n<link rel=\"canonical\" href=\"https:\/\/villaludwig.de\/en\/partner\/\" \/>\n<meta property=\"og:locale\" content=\"en_US\" \/>\n<meta property=\"og:type\" content=\"article\" \/>\n<meta property=\"og:title\" content=\"Partner - Villa Ludwig\" \/>\n<meta property=\"og:description\" content=\"Restaurant Weinstra\u00dfe 3167157 Wachenheim Telefon: 06322 - 959 1150kontakt@restaurant-inten.sewww.restaurant-inten.se Hotel &amp; Restaurant Ketschauerhofstra\u00dfe 167146 Deidesheim Telefon: 06326 - 70 000Telefax: 0 63 26 - 70 00 99info@ketschauer-hof.comwww.ketschauer-hof.com Restaurant Weinstra\u00dfe 36 67157 Wachenheim Telefon: 06322 - 959 3729 kontakt@the-izakaya.com www.the-izakaya.com Hotel &amp; Spa Weinstra\u00dfe 1267146 Deidesheim Telefon:\u00a0 06326 - 70 00 77Telefax:\u00a0 06326 - 70 00 [&hellip;]\" \/>\n<meta property=\"og:url\" content=\"https:\/\/villaludwig.de\/en\/partner\/\" \/>\n<meta property=\"og:site_name\" content=\"Villa Ludwig\" \/>\n<meta property=\"article:publisher\" content=\"https:\/\/www.facebook.com\/people\/Villa-Ludwig-1826-Ferienwohnungen\/100063462909862\/\" \/>\n<meta property=\"article:modified_time\" content=\"2023-06-12T15:55:13+00:00\" \/>\n<meta name=\"twitter:card\" content=\"summary_large_image\" \/>\n<meta name=\"twitter:label1\" content=\"Est. reading time\" \/>\n\t<meta name=\"twitter:data1\" content=\"3 minutes\" \/>\n<script type=\"application\/ld+json\" class=\"yoast-schema-graph\">{\"@context\":\"https:\\\/\\\/schema.org\",\"@graph\":[{\"@type\":\"WebPage\",\"@id\":\"https:\\\/\\\/villaludwig.de\\\/partner\\\/\",\"url\":\"https:\\\/\\\/villaludwig.de\\\/partner\\\/\",\"name\":\"Partner - Villa Ludwig\",\"isPartOf\":{\"@id\":\"https:\\\/\\\/villaludwig.de\\\/#website\"},\"datePublished\":\"2020-07-01T17:56:16+00:00\",\"dateModified\":\"2023-06-12T15:55:13+00:00\",\"breadcrumb\":{\"@id\":\"https:\\\/\\\/villaludwig.de\\\/partner\\\/#breadcrumb\"},\"inLanguage\":\"en-US\",\"potentialAction\":[{\"@type\":\"ReadAction\",\"target\":[\"https:\\\/\\\/villaludwig.de\\\/partner\\\/\"]}]},{\"@type\":\"BreadcrumbList\",\"@id\":\"https:\\\/\\\/villaludwig.de\\\/partner\\\/#breadcrumb\",\"itemListElement\":[{\"@type\":\"ListItem\",\"position\":1,\"name\":\"Startseite\",\"item\":\"https:\\\/\\\/villaludwig.de\\\/\"},{\"@type\":\"ListItem\",\"position\":2,\"name\":\"Partner\"}]},{\"@type\":\"WebSite\",\"@id\":\"https:\\\/\\\/villaludwig.de\\\/#website\",\"url\":\"https:\\\/\\\/villaludwig.de\\\/\",\"name\":\"Villa Ludwig Ferienwohnungen\",\"description\":\"Luxus Ferienwohnungen in Wachenheim an der Weinstra\u00dfe\",\"publisher\":{\"@id\":\"https:\\\/\\\/villaludwig.de\\\/#organization\"},\"potentialAction\":[{\"@type\":\"SearchAction\",\"target\":{\"@type\":\"EntryPoint\",\"urlTemplate\":\"https:\\\/\\\/villaludwig.de\\\/?s={search_term_string}\"},\"query-input\":{\"@type\":\"PropertyValueSpecification\",\"valueRequired\":true,\"valueName\":\"search_term_string\"}}],\"inLanguage\":\"en-US\"},{\"@type\":\"Organization\",\"@id\":\"https:\\\/\\\/villaludwig.de\\\/#organization\",\"name\":\"Villa Ludwig Ferienwohnungen\",\"url\":\"https:\\\/\\\/villaludwig.de\\\/\",\"logo\":{\"@type\":\"ImageObject\",\"inLanguage\":\"en-US\",\"@id\":\"https:\\\/\\\/villaludwig.de\\\/#\\\/schema\\\/logo\\\/image\\\/\",\"url\":\"https:\\\/\\\/villaludwig.de\\\/wp-content\\\/uploads\\\/2020\\\/05\\\/Villa-Ludwig-Logo.png\",\"contentUrl\":\"https:\\\/\\\/villaludwig.de\\\/wp-content\\\/uploads\\\/2020\\\/05\\\/Villa-Ludwig-Logo.png\",\"width\":964,\"height\":964,\"caption\":\"Villa Ludwig Ferienwohnungen\"},\"image\":{\"@id\":\"https:\\\/\\\/villaludwig.de\\\/#\\\/schema\\\/logo\\\/image\\\/\"},\"sameAs\":[\"https:\\\/\\\/www.facebook.com\\\/people\\\/Villa-Ludwig-1826-Ferienwohnungen\\\/100063462909862\\\/\",\"https:\\\/\\\/www.instagram.com\\\/villaludwig\\\/\"]}]}<\/script>\n<!-- \/ Yoast SEO plugin. -->","yoast_head_json":{"title":"Partner - Villa Ludwig","robots":{"index":"index","follow":"follow","max-snippet":"max-snippet:-1","max-image-preview":"max-image-preview:large","max-video-preview":"max-video-preview:-1"},"canonical":"https:\/\/villaludwig.de\/en\/partner\/","og_locale":"en_US","og_type":"article","og_title":"Partner - Villa Ludwig","og_description":"Restaurant Weinstra\u00dfe 3167157 Wachenheim Telefon: 06322 - 959 1150kontakt@restaurant-inten.sewww.restaurant-inten.se Hotel &amp; Restaurant Ketschauerhofstra\u00dfe 167146 Deidesheim Telefon: 06326 - 70 000Telefax: 0 63 26 - 70 00 99info@ketschauer-hof.comwww.ketschauer-hof.com Restaurant Weinstra\u00dfe 36 67157 Wachenheim Telefon: 06322 - 959 3729 kontakt@the-izakaya.com www.the-izakaya.com Hotel &amp; Spa Weinstra\u00dfe 1267146 Deidesheim Telefon:\u00a0 06326 - 70 00 77Telefax:\u00a0 06326 - 70 00 [&hellip;]","og_url":"https:\/\/villaludwig.de\/en\/partner\/","og_site_name":"Villa Ludwig","article_publisher":"https:\/\/www.facebook.com\/people\/Villa-Ludwig-1826-Ferienwohnungen\/100063462909862\/","article_modified_time":"2023-06-12T15:55:13+00:00","twitter_card":"summary_large_image","twitter_misc":{"Est. reading time":"3 minutes"},"schema":{"@context":"https:\/\/schema.org","@graph":[{"@type":"WebPage","@id":"https:\/\/villaludwig.de\/partner\/","url":"https:\/\/villaludwig.de\/partner\/","name":"Partner - Villa Ludwig","isPartOf":{"@id":"https:\/\/villaludwig.de\/#website"},"datePublished":"2020-07-01T17:56:16+00:00","dateModified":"2023-06-12T15:55:13+00:00","breadcrumb":{"@id":"https:\/\/villaludwig.de\/partner\/#breadcrumb"},"inLanguage":"en-US","potentialAction":[{"@type":"ReadAction","target":["https:\/\/villaludwig.de\/partner\/"]}]},{"@type":"BreadcrumbList","@id":"https:\/\/villaludwig.de\/partner\/#breadcrumb","itemListElement":[{"@type":"ListItem","position":1,"name":"Startseite","item":"https:\/\/villaludwig.de\/"},{"@type":"ListItem","position":2,"name":"Partner"}]},{"@type":"WebSite","@id":"https:\/\/villaludwig.de\/#website","url":"https:\/\/villaludwig.de\/","name":"Villa Ludwig Ferienwohnungen","description":"Luxus Ferienwohnungen in Wachenheim an der Weinstra\u00dfe","publisher":{"@id":"https:\/\/villaludwig.de\/#organization"},"potentialAction":[{"@type":"SearchAction","target":{"@type":"EntryPoint","urlTemplate":"https:\/\/villaludwig.de\/?s={search_term_string}"},"query-input":{"@type":"PropertyValueSpecification","valueRequired":true,"valueName":"search_term_string"}}],"inLanguage":"en-US"},{"@type":"Organization","@id":"https:\/\/villaludwig.de\/#organization","name":"Villa Ludwig Ferienwohnungen","url":"https:\/\/villaludwig.de\/","logo":{"@type":"ImageObject","inLanguage":"en-US","@id":"https:\/\/villaludwig.de\/#\/schema\/logo\/image\/","url":"https:\/\/villaludwig.de\/wp-content\/uploads\/2020\/05\/Villa-Ludwig-Logo.png","contentUrl":"https:\/\/villaludwig.de\/wp-content\/uploads\/2020\/05\/Villa-Ludwig-Logo.png","width":964,"height":964,"caption":"Villa Ludwig Ferienwohnungen"},"image":{"@id":"https:\/\/villaludwig.de\/#\/schema\/logo\/image\/"},"sameAs":["https:\/\/www.facebook.com\/people\/Villa-Ludwig-1826-Ferienwohnungen\/100063462909862\/","https:\/\/www.instagram.com\/villaludwig\/"]}]}},"_links":{"self":[{"href":"https:\/\/villaludwig.de\/en\/wp-json\/wp\/v2\/pages\/1095","targetHints":{"allow":["GET"]}}],"collection":[{"href":"https:\/\/villaludwig.de\/en\/wp-json\/wp\/v2\/pages"}],"about":[{"href":"https:\/\/villaludwig.de\/en\/wp-json\/wp\/v2\/types\/page"}],"author":[{"embeddable":true,"href":"https:\/\/villaludwig.de\/en\/wp-json\/wp\/v2\/users\/1"}],"replies":[{"embeddable":true,"href":"https:\/\/villaludwig.de\/en\/wp-json\/wp\/v2\/comments?post=1095"}],"version-history":[{"count":36,"href":"https:\/\/villaludwig.de\/en\/wp-json\/wp\/v2\/pages\/1095\/revisions"}],"predecessor-version":[{"id":223134,"href":"https:\/\/villaludwig.de\/en\/wp-json\/wp\/v2\/pages\/1095\/revisions\/223134"}],"wp:attachment":[{"href":"https:\/\/villaludwig.de\/en\/wp-json\/wp\/v2\/media?parent=1095"}],"curies":[{"name":"wp","href":"https:\/\/api.w.org\/{rel}","templated":true}]}}