{"id":13,"date":"2020-05-06T17:35:31","date_gmt":"2020-05-06T17:35:31","guid":{"rendered":"https:\/\/villaludwig.de\/?page_id=13"},"modified":"2025-09-02T12:41:57","modified_gmt":"2025-09-02T12:41:57","slug":"startseite","status":"publish","type":"page","link":"https:\/\/villaludwig.de\/en\/","title":{"rendered":"Startseite"},"content":{"rendered":"<p>[et_pb_section fb_built=&#8220;1&#8243; module_id=&#8220;Hero&#8220; _builder_version=&#8220;4.16&#8243; use_background_color_gradient=&#8220;on&#8220; background_color_gradient_stops=&#8220;rgba(0,0,0,0.79) 0%|rgba(0,0,0,0.69) 100%&#8220; background_color_gradient_start=&#8220;rgba(0,0,0,0.79)&#8220; background_color_gradient_end=&#8220;rgba(0,0,0,0.69)&#8220; background_image=&#8220;https:\/\/villaludwig.de\/wp-content\/uploads\/2020\/05\/VillaLudwig_202005_010dark.jpg&#8220; parallax=&#8220;on&#8220; transform_scale_last_edited=&#8220;off|desktop&#8220; transform_translate_last_edited=&#8220;off|desktop&#8220; transform_rotate_last_edited=&#8220;off|desktop&#8220; transform_skew_last_edited=&#8220;off|desktop&#8220; transform_origin_last_edited=&#8220;off|desktop&#8220; transform_styles_last_edited=&#8220;off|desktop&#8220; min_height=&#8220;100vh&#8220; animation_style=&#8220;fade&#8220; animation_speed_curve=&#8220;linear&#8220; global_colors_info=&#8220;{}&#8220; transform_styles__hover_enabled=&#8220;on|desktop&#8220; transform_scale__hover_enabled=&#8220;on|desktop&#8220; transform_translate__hover_enabled=&#8220;on|desktop&#8220; transform_rotate__hover_enabled=&#8220;on|desktop&#8220; transform_skew__hover_enabled=&#8220;on|desktop&#8220; transform_origin__hover_enabled=&#8220;on|desktop&#8220;][et_pb_row _builder_version=&#8220;4.16&#8243; width=&#8220;100vw&#8220; max_width=&#8220;100vw&#8220; module_alignment=&#8220;center&#8220; custom_margin=&#8220;|300px||-366px||&#8220; global_colors_info=&#8220;{}&#8220;][et_pb_column type=&#8220;4_4&#8243; _builder_version=&#8220;4.16&#8243; global_colors_info=&#8220;{}&#8220;][et_pb_divider show_divider=&#8220;off&#8220; _builder_version=&#8220;4.16&#8243; width=&#8220;50%&#8220; module_alignment=&#8220;center&#8220; min_height=&#8220;12vw&#8220; min_height_tablet=&#8220;30vh&#8220; min_height_phone=&#8220;31vh&#8220; min_height_last_edited=&#8220;on|tablet&#8220; global_colors_info=&#8220;{}&#8220;][\/et_pb_divider][et_pb_image src=&#8220;https:\/\/villaludwig.de\/wp-content\/uploads\/2020\/05\/Villa-Ludwig-Logo.png&#8220; alt=&#8220;Villa Ludwig Logo&#8220; title_text=&#8220;Villa Ludwig Logo&#8220; url=&#8220;#Home&#8220; align=&#8220;center&#8220; _builder_version=&#8220;4.16&#8243; width=&#8220;21.6%&#8220; width_tablet=&#8220;25vh&#8220; width_phone=&#8220;&#8220; width_last_edited=&#8220;on|desktop&#8220; module_alignment=&#8220;center&#8220; max_height=&#8220;15vw&#8220; max_height_tablet=&#8220;&#8220; max_height_phone=&#8220;&#8220; max_height_last_edited=&#8220;on|desktop&#8220; custom_margin=&#8220;||32px|||&#8220; filter_opacity=&#8220;80%&#8220; animation_style=&#8220;flip&#8220; animation_duration=&#8220;2000ms&#8220; global_colors_info=&#8220;{}&#8220; max_height__hover_enabled=&#8220;on|desktop&#8220; max_height__hover=&#8220;15.2vw&#8220; filter_opacity__hover_enabled=&#8220;on|hover&#8220; filter_opacity__hover=&#8220;100%&#8220; width__hover_enabled=&#8220;on|desktop&#8220; transform_styles__hover_enabled=&#8220;on|desktop&#8220; transform_scale__hover_enabled=&#8220;on|desktop&#8220; transform_translate__hover_enabled=&#8220;on|desktop&#8220; transform_rotate__hover_enabled=&#8220;on|desktop&#8220; transform_skew__hover_enabled=&#8220;on|desktop&#8220; transform_origin__hover_enabled=&#8220;on|desktop&#8220; width__hover=&#8220;21.6%&#8220;][\/et_pb_image][et_pb_text _builder_version=&#8220;4.27.4&#8243; text_font=&#8220;Playfair Display||||||||&#8220; text_text_color=&#8220;#ffffff&#8220; header_font=&#8220;Cinzel|||on|||||&#8220; header_text_color=&#8220;#ffffff&#8220; header_font_size=&#8220;3vw&#8220; header_line_height=&#8220;0.9em&#8220; header_2_font=&#8220;Roboto|100|||||||&#8220; header_2_text_color=&#8220;#ffffff&#8220; header_2_font_size=&#8220;1.7vw&#8220; text_orientation=&#8220;center&#8220; width=&#8220;100vw&#8220; module_alignment=&#8220;center&#8220; custom_margin=&#8220;||0px||false|false&#8220; animation_style=&#8220;slide&#8220; animation_direction=&#8220;bottom&#8220; animation_duration=&#8220;2000ms&#8220; hover_enabled=&#8220;0&#8243; header_font_size_tablet=&#8220;5vw&#8220; header_font_size_phone=&#8220;9vw&#8220; header_font_size_last_edited=&#8220;on|desktop&#8220; header_line_height_tablet=&#8220;1em&#8220; header_line_height_phone=&#8220;1em&#8220; header_line_height_last_edited=&#8220;on|phone&#8220; header_2_font_size_tablet=&#8220;3vw&#8220; header_2_font_size_phone=&#8220;5vw&#8220; header_2_font_size_last_edited=&#8220;on|desktop&#8220; global_colors_info=&#8220;{}&#8220; sticky_enabled=&#8220;0&#8243;]<\/p>\n<h1><\/h1>\n<h2>&#8222;Wir haben ab dem 15. Oktober 2025 dauerhaft geschlossen &#8211;<br \/>herzlichen Dank f\u00fcr die sch\u00f6ne Zeit mit unseren G\u00e4sten.&#8220;<\/h2>\n<p>[\/et_pb_text][\/et_pb_column][\/et_pb_row][\/et_pb_section][et_pb_section fb_built=&#8220;1&#8243; fullwidth=&#8220;on&#8220; _builder_version=&#8220;4.16&#8243; global_colors_info=&#8220;{}&#8220;][et_pb_fullwidth_map address=&#8220;Roter-Turm-Weg 1, 67157 Wachenheim an der Weinstra\u00dfe, Deutschland&#8220; zoom_level=&#8220;10&#8243; address_lat=&#8220;49.427780475298&#8243; address_lng=&#8220;8.2690549732018&#8243; mouse_wheel=&#8220;off&#8220; disabled_on=&#8220;off|on|on&#8220; _builder_version=&#8220;4.16&#8243; width=&#8220;100%&#8220; module_alignment=&#8220;center&#8220; min_height=&#8220;50vh&#8220; min_height_tablet=&#8220;&#8220; min_height_phone=&#8220;50vw&#8220; min_height_last_edited=&#8220;on|desktop&#8220; height=&#8220;100vw&#8220; box_shadow_style=&#8220;preset1&#8243; global_colors_info=&#8220;{}&#8220;][et_pb_map_pin title=&#8220;Villa Ludwig Ferienwohnungen&#8220; pin_address=&#8220;Roter-Turm-Weg 1, 67157 Wachenheim an der Weinstra\u00dfe, Deutschland&#8220; zoom_level=&#8220;19&#8243; pin_address_lat=&#8220;49.436750001934&#8243; pin_address_lng=&#8220;8.1828058601189&#8243; _builder_version=&#8220;4.4.6&#8243; global_colors_info=&#8220;{}&#8220;][\/et_pb_map_pin][\/et_pb_fullwidth_map][\/et_pb_section][et_pb_section fb_built=&#8220;1&#8243; fullwidth=&#8220;on&#8220; _builder_version=&#8220;4.16&#8243; global_colors_info=&#8220;{}&#8220;][\/et_pb_section]<\/p>\n","protected":false},"excerpt":{"rendered":"<p>&#8222;Wir haben ab dem 15. Oktober 2025 dauerhaft geschlossen -herzlichen Dank f\u00fcr die sch\u00f6ne Zeit mit unseren G\u00e4sten.&#8220;<\/p>","protected":false},"author":1,"featured_media":0,"parent":0,"menu_order":0,"comment_status":"closed","ping_status":"closed","template":"","meta":{"_et_pb_use_builder":"on","_et_pb_old_content":"","_et_gb_content_width":"","footnotes":""},"class_list":["post-13","page","type-page","status-publish","hentry"],"yoast_head":"<!-- This site is optimized with the Yoast SEO plugin v27.3 - https:\/\/yoast.com\/product\/yoast-seo-wordpress\/ -->\n<title>Ferienwohnung Villa Ludwig - Wachenheim, bei Deidesheim, Bad D\u00fcrkheim<\/title>\n<meta name=\"description\" content=\"Exklusive Ferienwohnung in Wachenheim bei Deidesheim und Bad D\u00fcrkheim - Traumurlaub an der Deutschen Weinstra\u00dfe - Pfalz \/ S\u00fcdpfalz\" \/>\n<meta name=\"robots\" content=\"index, follow, max-snippet:-1, max-image-preview:large, max-video-preview:-1\" \/>\n<link rel=\"canonical\" href=\"https:\/\/villaludwig.de\/en\/\" \/>\n<meta property=\"og:locale\" content=\"en_US\" \/>\n<meta property=\"og:type\" content=\"article\" \/>\n<meta property=\"og:title\" content=\"Ferienwohnung Villa Ludwig - Wachenheim, bei Deidesheim, Bad D\u00fcrkheim\" \/>\n<meta property=\"og:description\" content=\"Exklusive Ferienwohnung in Wachenheim bei Deidesheim und Bad D\u00fcrkheim - Traumurlaub an der Deutschen Weinstra\u00dfe - Pfalz \/ S\u00fcdpfalz\" \/>\n<meta property=\"og:url\" content=\"https:\/\/villaludwig.de\/en\/\" \/>\n<meta property=\"og:site_name\" content=\"Villa Ludwig\" \/>\n<meta property=\"article:publisher\" content=\"https:\/\/www.facebook.com\/people\/Villa-Ludwig-1826-Ferienwohnungen\/100063462909862\/\" \/>\n<meta property=\"article:modified_time\" content=\"2025-09-02T12:41:57+00:00\" \/>\n<meta name=\"twitter:card\" content=\"summary_large_image\" \/>\n<meta name=\"twitter:label1\" content=\"Est. reading time\" \/>\n\t<meta name=\"twitter:data1\" content=\"5 minutes\" \/>\n<script type=\"application\/ld+json\" class=\"yoast-schema-graph\">{\"@context\":\"https:\\\/\\\/schema.org\",\"@graph\":[{\"@type\":\"WebPage\",\"@id\":\"https:\\\/\\\/villaludwig.de\\\/\",\"url\":\"https:\\\/\\\/villaludwig.de\\\/\",\"name\":\"Ferienwohnung Villa Ludwig - Wachenheim, bei Deidesheim, Bad D\u00fcrkheim\",\"isPartOf\":{\"@id\":\"https:\\\/\\\/villaludwig.de\\\/#website\"},\"datePublished\":\"2020-05-06T17:35:31+00:00\",\"dateModified\":\"2025-09-02T12:41:57+00:00\",\"description\":\"Exklusive Ferienwohnung in Wachenheim bei Deidesheim und Bad D\u00fcrkheim - Traumurlaub an der Deutschen Weinstra\u00dfe - Pfalz \\\/ S\u00fcdpfalz\",\"breadcrumb\":{\"@id\":\"https:\\\/\\\/villaludwig.de\\\/#breadcrumb\"},\"inLanguage\":\"en-US\",\"potentialAction\":[{\"@type\":\"ReadAction\",\"target\":[\"https:\\\/\\\/villaludwig.de\\\/\"]}]},{\"@type\":\"BreadcrumbList\",\"@id\":\"https:\\\/\\\/villaludwig.de\\\/#breadcrumb\",\"itemListElement\":[{\"@type\":\"ListItem\",\"position\":1,\"name\":\"Startseite\",\"item\":\"https:\\\/\\\/villaludwig.de\\\/\"},{\"@type\":\"ListItem\",\"position\":2,\"name\":\"Startseite\"}]},{\"@type\":\"WebSite\",\"@id\":\"https:\\\/\\\/villaludwig.de\\\/#website\",\"url\":\"https:\\\/\\\/villaludwig.de\\\/\",\"name\":\"Villa Ludwig Ferienwohnungen\",\"description\":\"Luxus Ferienwohnungen in Wachenheim an der Weinstra\u00dfe\",\"publisher\":{\"@id\":\"https:\\\/\\\/villaludwig.de\\\/#organization\"},\"potentialAction\":[{\"@type\":\"SearchAction\",\"target\":{\"@type\":\"EntryPoint\",\"urlTemplate\":\"https:\\\/\\\/villaludwig.de\\\/?s={search_term_string}\"},\"query-input\":{\"@type\":\"PropertyValueSpecification\",\"valueRequired\":true,\"valueName\":\"search_term_string\"}}],\"inLanguage\":\"en-US\"},{\"@type\":\"Organization\",\"@id\":\"https:\\\/\\\/villaludwig.de\\\/#organization\",\"name\":\"Villa Ludwig Ferienwohnungen\",\"url\":\"https:\\\/\\\/villaludwig.de\\\/\",\"logo\":{\"@type\":\"ImageObject\",\"inLanguage\":\"en-US\",\"@id\":\"https:\\\/\\\/villaludwig.de\\\/#\\\/schema\\\/logo\\\/image\\\/\",\"url\":\"https:\\\/\\\/villaludwig.de\\\/wp-content\\\/uploads\\\/2020\\\/05\\\/Villa-Ludwig-Logo.png\",\"contentUrl\":\"https:\\\/\\\/villaludwig.de\\\/wp-content\\\/uploads\\\/2020\\\/05\\\/Villa-Ludwig-Logo.png\",\"width\":964,\"height\":964,\"caption\":\"Villa Ludwig Ferienwohnungen\"},\"image\":{\"@id\":\"https:\\\/\\\/villaludwig.de\\\/#\\\/schema\\\/logo\\\/image\\\/\"},\"sameAs\":[\"https:\\\/\\\/www.facebook.com\\\/people\\\/Villa-Ludwig-1826-Ferienwohnungen\\\/100063462909862\\\/\",\"https:\\\/\\\/www.instagram.com\\\/villaludwig\\\/\"]}]}<\/script>\n<!-- \/ Yoast SEO plugin. -->","yoast_head_json":{"title":"Ferienwohnung Villa Ludwig - Wachenheim, bei Deidesheim, Bad D\u00fcrkheim","description":"Exklusive Ferienwohnung in Wachenheim bei Deidesheim und Bad D\u00fcrkheim - Traumurlaub an der Deutschen Weinstra\u00dfe - Pfalz \/ S\u00fcdpfalz","robots":{"index":"index","follow":"follow","max-snippet":"max-snippet:-1","max-image-preview":"max-image-preview:large","max-video-preview":"max-video-preview:-1"},"canonical":"https:\/\/villaludwig.de\/en\/","og_locale":"en_US","og_type":"article","og_title":"Ferienwohnung Villa Ludwig - Wachenheim, bei Deidesheim, Bad D\u00fcrkheim","og_description":"Exklusive Ferienwohnung in Wachenheim bei Deidesheim und Bad D\u00fcrkheim - Traumurlaub an der Deutschen Weinstra\u00dfe - Pfalz \/ S\u00fcdpfalz","og_url":"https:\/\/villaludwig.de\/en\/","og_site_name":"Villa Ludwig","article_publisher":"https:\/\/www.facebook.com\/people\/Villa-Ludwig-1826-Ferienwohnungen\/100063462909862\/","article_modified_time":"2025-09-02T12:41:57+00:00","twitter_card":"summary_large_image","twitter_misc":{"Est. reading time":"5 minutes"},"schema":{"@context":"https:\/\/schema.org","@graph":[{"@type":"WebPage","@id":"https:\/\/villaludwig.de\/","url":"https:\/\/villaludwig.de\/","name":"Ferienwohnung Villa Ludwig - Wachenheim, bei Deidesheim, Bad D\u00fcrkheim","isPartOf":{"@id":"https:\/\/villaludwig.de\/#website"},"datePublished":"2020-05-06T17:35:31+00:00","dateModified":"2025-09-02T12:41:57+00:00","description":"Exklusive Ferienwohnung in Wachenheim bei Deidesheim und Bad D\u00fcrkheim - Traumurlaub an der Deutschen Weinstra\u00dfe - Pfalz \/ S\u00fcdpfalz","breadcrumb":{"@id":"https:\/\/villaludwig.de\/#breadcrumb"},"inLanguage":"en-US","potentialAction":[{"@type":"ReadAction","target":["https:\/\/villaludwig.de\/"]}]},{"@type":"BreadcrumbList","@id":"https:\/\/villaludwig.de\/#breadcrumb","itemListElement":[{"@type":"ListItem","position":1,"name":"Startseite","item":"https:\/\/villaludwig.de\/"},{"@type":"ListItem","position":2,"name":"Startseite"}]},{"@type":"WebSite","@id":"https:\/\/villaludwig.de\/#website","url":"https:\/\/villaludwig.de\/","name":"Villa Ludwig Ferienwohnungen","description":"Luxus Ferienwohnungen in Wachenheim an der Weinstra\u00dfe","publisher":{"@id":"https:\/\/villaludwig.de\/#organization"},"potentialAction":[{"@type":"SearchAction","target":{"@type":"EntryPoint","urlTemplate":"https:\/\/villaludwig.de\/?s={search_term_string}"},"query-input":{"@type":"PropertyValueSpecification","valueRequired":true,"valueName":"search_term_string"}}],"inLanguage":"en-US"},{"@type":"Organization","@id":"https:\/\/villaludwig.de\/#organization","name":"Villa Ludwig Ferienwohnungen","url":"https:\/\/villaludwig.de\/","logo":{"@type":"ImageObject","inLanguage":"en-US","@id":"https:\/\/villaludwig.de\/#\/schema\/logo\/image\/","url":"https:\/\/villaludwig.de\/wp-content\/uploads\/2020\/05\/Villa-Ludwig-Logo.png","contentUrl":"https:\/\/villaludwig.de\/wp-content\/uploads\/2020\/05\/Villa-Ludwig-Logo.png","width":964,"height":964,"caption":"Villa Ludwig Ferienwohnungen"},"image":{"@id":"https:\/\/villaludwig.de\/#\/schema\/logo\/image\/"},"sameAs":["https:\/\/www.facebook.com\/people\/Villa-Ludwig-1826-Ferienwohnungen\/100063462909862\/","https:\/\/www.instagram.com\/villaludwig\/"]}]}},"_links":{"self":[{"href":"https:\/\/villaludwig.de\/en\/wp-json\/wp\/v2\/pages\/13","targetHints":{"allow":["GET"]}}],"collection":[{"href":"https:\/\/villaludwig.de\/en\/wp-json\/wp\/v2\/pages"}],"about":[{"href":"https:\/\/villaludwig.de\/en\/wp-json\/wp\/v2\/types\/page"}],"author":[{"embeddable":true,"href":"https:\/\/villaludwig.de\/en\/wp-json\/wp\/v2\/users\/1"}],"replies":[{"embeddable":true,"href":"https:\/\/villaludwig.de\/en\/wp-json\/wp\/v2\/comments?post=13"}],"version-history":[{"count":264,"href":"https:\/\/villaludwig.de\/en\/wp-json\/wp\/v2\/pages\/13\/revisions"}],"predecessor-version":[{"id":223225,"href":"https:\/\/villaludwig.de\/en\/wp-json\/wp\/v2\/pages\/13\/revisions\/223225"}],"wp:attachment":[{"href":"https:\/\/villaludwig.de\/en\/wp-json\/wp\/v2\/media?parent=13"}],"curies":[{"name":"wp","href":"https:\/\/api.w.org\/{rel}","templated":true}]}}