{"id":223047,"date":"2023-05-05T09:21:46","date_gmt":"2023-05-05T09:21:46","guid":{"rendered":"https:\/\/villaludwig.de\/?page_id=223047"},"modified":"2023-05-12T09:30:26","modified_gmt":"2023-05-12T09:30:26","slug":"agb","status":"publish","type":"page","link":"https:\/\/villaludwig.de\/en\/agb\/","title":{"rendered":"AGB"},"content":{"rendered":"\n[et_pb_section fb_built=&#8220;1&#8243; _builder_version=&#8220;4.21.0&#8243; _module_preset=&#8220;default&#8220; global_colors_info=&#8220;{}&#8220;][et_pb_row _builder_version=&#8220;4.21.0&#8243; _module_preset=&#8220;default&#8220; global_colors_info=&#8220;{}&#8220;][et_pb_column type=&#8220;4_4&#8243; _builder_version=&#8220;4.21.0&#8243; _module_preset=&#8220;default&#8220; global_colors_info=&#8220;{}&#8220;][et_pb_text _builder_version=&#8220;4.21.0&#8243; _module_preset=&#8220;default&#8220; global_colors_info=&#8220;{}&#8220;]<p>&nbsp;<\/p>\n<h2>AGB<\/h2>\n<h2>Allgemeine Gesch\u00e4ftsbedingungen<\/h2>\n<p>&nbsp;<\/p>\n<h3>\u00a7 1 MIETGEGENSTAND UND SCHL\u00dcSSEL<\/h3>\n<p>Adresse: Roter Turm-Weg 1, 67157 Wachenheim<br \/>Es gilt die in der Anlage beigef\u00fcgte Hausordnung. Die Hausordnung wird mit Unterschrift des Mietvertrages anerkannt.<br \/>Das Mietobjekt ist ein <strong>Nichtraucherobjekt<\/strong>.<\/p>\n<p>Der Mieter ist berechtigt, w\u00e4hrend der Mietdauer die folgenden Einrichtungen zu benutzen:<\/p>\n<p>STELLPL\u00c4TZE (AUSGEWIESEN), GARTEN, LIEGEST\u00dcHLE<br \/>Der Mieter erh\u00e4lt f\u00fcr die Dauer der Mietzeit pro Einheit 2 Haust\u00fcr-\/Wohnungsschl\u00fcssel + 2 Dr\u00fccker f\u00fcr dasTor.<br \/>Im Mietpreis sind neben den \u00dcbernachtungskosten Bettw\u00e4sche, Handt\u00fccher, Geschirrt\u00fccher, Sp\u00fcl- und Putzmittel,<br \/>sowie M\u00fcllbeutel enthalten.<\/p>\n<h3>\u00a7 2 STORNIERUNG UND AUFENTHALTSABRUCH<\/h3>\n<p>Storniert (k\u00fcndigt) der Mieter den Vertrag vor dem Mietbeginn, ohne einen Nachmieter zu benennen der in den Vertrag zu<br \/>denselben Konditionen eintritt, sind als Entsch\u00e4digung unter Anrechnung der ersparten Aufwendungen die folgenden<br \/>anteiligen Mieten (ausschlie\u00dflich der Endreinigung) zu entrichten, sofern eine anderweitige Vermietung nicht m\u00f6glich ist:<br \/>K\u00fcndigung:<\/p>\n<p style=\"padding-left: 40px;\">bis 49 Tage vor Mietbeginn: 10 % des Mietpreises<br \/>bis 35 Tage vor Mietbeginn: 30 % des Mietpreises<br \/>bis 21 Tage vor Mietbeginn: 60 % des Mietpreises<br \/>bis 14 Tage vor Mietbeginn: 90 % des Mietpreises<\/p>\n<p>ansonsten (sp\u00e4ter als 14 Tage vor Mietbeginn) 100 % des Mietpreises.<\/p>\n<p>Gleichwohl ist der Vermieter bem\u00fcht, das Mietobjekt anderweitig zu vermieten.<\/p>\n<p>Der Mieter kann jederzeit einen geringeren Schaden nachweisen.<br \/>Bricht der Mieter den Aufenthalt vorzeitig ab, bleibt er zur Zahlung des vollen Mietpreises verpflichtet.<\/p>\n<p>Eine Stornierung bzw. K\u00fcndigung kann nur schriftlich erfolgen.<br \/>Ma\u00dfgeblich ist der Tag des Zugangs der Erkl\u00e4rung bei dem Vermieter.<\/p>\n<h3>\u00a7 3 Zahlungsbedingungen \/ PayPal<\/h3>\n<p>Im Reservierungsprozess werden Sie auf die Webseite des Online-Anbieters PayPal weitergeleitet. Um den<br \/>Rechnungsbetrag \u00fcber PayPal bezahlen zu k\u00f6nnen, m\u00fcssen Sie dort registriert sein bzw. sich erst registrieren, mit Ihren<br \/>Zugangsdaten legitimieren und die Zahlungsanweisung an uns best\u00e4tigen. Nach Abgabe der Bestellung im Shop fordern wir<br \/>PayPal zur Einleitung der Zahlungstransaktion auf.<br \/>Die Zahlungstransaktion wird durch PayPal unmittelbar danach automatisch durchgef\u00fchrt. Weitere Hinweise erhalten Sie<br \/>beim Bestellvorgang.<\/p>\n<h3>\u00a7 4 REISER\u00dcCKTRITT<\/h3>\n<p>Bei einem R\u00fccktritt vom Mietvertrag ist der Mieter verpflichtet, einen Teil des vereinbarten Preises als Entsch\u00e4digung zu<br \/>zahlen. Eine Stornierung hat schriftlich zu erfolgen. Die H\u00f6he der Entsch\u00e4digung richtet sich nach der Zeit bis zum<br \/>Anreisetag und ergibt sich wie folgt: (siehe \u00a74)<br \/>Der Abschluss einer Reise-R\u00fccktrittskostenversicherung wird empfohlen.<\/p>\n<h3>\u00a7 5 R\u00dcCKTRITT DURCH DEN VERMIETER<\/h3>\n<p>Im Falle einer Absage von unserer Seite, in Folge h\u00f6herer Gewalt oder anderer unvorhersehbarer Umst\u00e4nde (wie z.B. bei<br \/>Unfall oder Krankheit der Gastgeber), sowie andere nicht zu vertretende Umst\u00e4nde die Erf\u00fcllung unm\u00f6glich machen;<br \/>beschr\u00e4nkt sich die Haftung auf die R\u00fcckerstattung der Kosten. Bei berechtigtem R\u00fccktritt entsteht kein Anspruch des<br \/>Kunden auf Schadensersatz &#8211; eine Haftung f\u00fcr Anreise- und Hotelkosten wird nicht \u00fcbernommen.<br \/>Ein R\u00fccktritt durch den Vermieter kann nach Mietbeginn ohne Einhaltung einer Frist erfolgen, wenn der Mieter andere Mieter<br \/>trotz Abmahnung nachhaltig st\u00f6rt oder sich in solchem Ma\u00dfe vertragswidrig verh\u00e4lt, dass die sofortige Aufhebung des<br \/>Mietvertrages gerechtfertigt ist.<\/p>\n<h3>\u00a7 6 HAFTUND DES VERMIETERS<\/h3>\n<p>Der Vermieter haftet im Rahmen der Sorgfaltspflicht eines ordentlichen\u00a0Kaufmanns f\u00fcr die ordentliche Bereitstellung des<br \/>Mietobjekts. Eine Haftung f\u00fcr eventuelle Ausf\u00e4lle bzw. St\u00f6rungen in Wasser- oder Stromversorgung, sowie Ereignisse und<br \/>Folgen durch h\u00f6here Gewalt sind hiermit ausgeschlossen.<br \/>Ebenso wird nicht gehaftet bei Eintritt unvorhersehbarer oder unvermeidbarer Umst\u00e4nde wie z.B. beh\u00f6rdlicher Anordnung,<br \/>pl\u00f6tzlicher Baustelle oder f\u00fcr St\u00f6rungen durch naturbedingte und \u00f6rtliche Begebenheiten. Der Vermieter ist aber gern bei der<br \/>Behebung der Probleme (soweit dies m\u00f6glich ist) behilflich.\u2028<br \/>Eine Haftung des Vermieters f\u00fcr die Benutzung der bereitgestellten Spiel- und Sportger\u00e4te ist ausgeschlossen.<br \/>Die An- und Abreise des Mieters erfolgt in eigener Verantwortung und Haftung.<br \/>Der Vermieter haftet nicht f\u00fcr pers\u00f6nliche Gegenst\u00e4nde bei Einbruch-\/Diebstahl oder Feuer.<\/p>\n<h3>\u00a7 7 HAFTUNG UND PFLICHTEN DES MIETERS<\/h3>\n<p>Das Mietobjekt einschlie\u00dflich der M\u00f6bel und der sonstigen in ihm befindlichen Gegenst\u00e4nde sind schonend zu behandeln.<br \/>Der Mieter hat die ihn begleitenden und\/oder besuchenden Personen zur Sorgsamkeit anzuhalten. Der Mieter haftet f\u00fcr<br \/>schuldhafte Besch\u00e4digungen des Mietobjekts, des Mobiliars, sonstiger Gegenst\u00e4nde im Mietobjekt durch ihn oder ihn<br \/>begleitende Personen sowie f\u00fcr Nichtvermietung durch Sch\u00e4den.<br \/>M\u00e4ngel, die bei \u00dcbernahme des Mietobjekts und\/oder w\u00e4hrend der Mietzeit entstehen, sind dem Vermieter unverz\u00fcglich in<br \/>geeigneter Form zu melden.<br \/>Die Haltung von Tieren in dem Mietobjekt ist nicht gestattet.<br \/>Hausordnung:<br \/>Der Mieter verpflichtet sich, sich an die Hausordnung zu halten. Diese befindet sich im Anhang und liegt im Mietobjekt aus.<\/p>\n<h3>\u00a7 8 NUTZUNG EINES INTERNETZUGANGS \u00dcBER WLAN<\/h3>\n<h3>\u00a7 8.1. GESTATTUNG ZUR NUTZUNG EINES INTERNETZUGANGS MITTELS WLAN<\/h3>\n<p>Der Vermieter unterh\u00e4lt in seinem Ferienobjekt einen Internetzugang \u00fcber WLAN. Er gestattet dem Mieter f\u00fcr die Dauer<br \/>seines Aufenthaltes im Ferienobjekt eine Mitbenutzung des WLAN-Zugangs zum Internet. Der Mieter hat nicht das Recht,<br \/>Dritten die Nutzung des WLANs zu gestatten.<br \/>Der Vermieter gew\u00e4hrleistet nicht die tats\u00e4chliche Verf\u00fcgbarkeit, Geeignetheit oder Zuverl\u00e4ssigkeit des Internetzuganges f\u00fcr<br \/>irgendeinen Zweck. Er ist jederzeit berechtigt, f\u00fcr den Betrieb des WLANs ganz, teilweise oder zeitweise weitere Mitnutzer<br \/>zuzulassen und den Zugang des Mieters ganz, teilweise oder zeitweise zu beschr\u00e4nken oder auszuschlie\u00dfen, wenn der<br \/>Anschluss rechtsmissbr\u00e4uchlich genutzt wird oder wurde, soweit der Vermieter deswegen eine Inanspruchnahme f\u00fcrchten<br \/>muss und dieses nicht mit \u00fcblichen und zumutbaren Aufwand in angemessener Zeit verhindern kann. Der Vermieter beh\u00e4lt<br \/>sich insbesondere vor, nach billigem Ermessen und jederzeit den Zugang auf bestimmte Seiten oder Dienste \u00fcber das<\/p>\n<p>WLAN zu sperren (z.B. gewaltverherrlichende, pornographische oder kostenpflichtige Seiten).<\/p>\n<h3>\u00a7 8.2. ZUGANGSDATEN<\/h3>\n<p>Die Nutzung erfolgt mittels Zugangssicherung. Die Zugangsdaten (Login und Passwort) d\u00fcrfen in keinem Fall an Dritte<br \/>weitergegeben werden. Will der Mieter Dritten den Zugang zum Internet \u00fcber das WLAN gew\u00e4hren, so ist dies von der<br \/>vorherigen schriftlichen Zustimmung des Vermieters und der mittels Unterschrift und vollst\u00e4ndiger Identit\u00e4tsangabe<br \/>dokumentierter Akzeptanz der Regelungen dieser Nutzungsvereinbarung durch den Dritten zwingend abh\u00e4ngig. Der Mieter<br \/>verpflichtet sich, seine Zugangsdaten geheim zu halten. Der Vermieter hat jederzeit das Recht, Zugangscodes zu \u00e4ndern.<\/p>\n<h3>\u00a7 8.3. GEFAHREN DER WLAN-NUTZUNG, HAFTUNGSBESCHR\u00c4NKUNG<\/h3>\n<p>Der Mieter wird darauf hingewiesen, dass das WLAN nur den Zugang zum Internet erm\u00f6glicht, Virenschutz und Firewall<br \/>stehe nicht zur Verf\u00fcgung. Der unter Nutzung des WLANs hergestellte Datenverkehr erfolgt unverschl\u00fcsselt. Die Daten<br \/>k\u00f6nnen daher m\u00f6glicherweise von Dritten eingesehen werden. Der Vermieter weist ausdr\u00fccklich darauf hin, dass die Gefahr<br \/>besteht, dass Schadsoftware (z.B. Viren, Trojaner, W\u00fcrmer, etc.) bei der Nutzung des WLANs auf das Endger\u00e4t gelangen<br \/>kann. Die Nutzung des WLANs erfolgt auf eigene Gefahr und auf eigenes Risiko des Mieters. F\u00fcr Sch\u00e4den an digitalen<br \/>Medien des Mieters, die durch die Nutzung des Internetzuganges entstehen, \u00fcbernimmt der Vermieter keine Haftung, es sei<br \/>denn die Sch\u00e4den wurden vom Vermieter und\/ oder seinen Erf\u00fcllungsgehilfen vors\u00e4tzlich oder grob fahrl\u00e4ssig verursacht.<\/p>\n<h3>\u00a7 8.4. VERANTWORTLICHKEIT UND FREISTELLUNG VON ANSPR\u00dcCHEN<\/h3>\n<p>F\u00fcr die \u00fcber das WLAN \u00fcbermittelten Daten, die dar\u00fcber in Anspruch genommenen kostenpflichtigen Dienstleistungen<br \/>unget\u00e4tigten Rechtsgesch\u00e4fte ist der Mieter selbst verantwortlich. Besucht der Mieter kostenpflichtige Internetseiten oder<br \/>geht er Verbindlichkeiten ein, sind die daraus resultierenden Kosten von ihm zu tragen. Er ist verpflichtet, bei Nutzung des<br \/>WLANs das geltende Recht einzuhalten.<br \/>Er wird insbesondere:<br \/>Das WLAN weder zum Abruf noch zur Verbreitung von sitten- oder rechtswidrigen Inhalten zu nutzen;\u00a0<br \/>keine urheberrechtlich gesch\u00fctzten G\u00fcter widerrechtlich vervielf\u00e4ltigen, verbreiten oder zug\u00e4nglich machen;<br \/>dies gilt insbesondere m Zusammenhang mit dem Einsatz von Filesharing-Programmen;<br \/>die geltenden Jugendschutzvorschriften beachten; keine bel\u00e4stigenden, verleumderischen oder<br \/>bedrohenden Inhalte versenden oder verbreiten; das WLAN nicht zur Versendung von Massen-Nachrichten (Spam)<br \/>und\/oder anderen Formen unzul\u00e4ssiger Werbung nutzen.<br \/>Der Mieter stellt den Vermieter des Ferienobjektes von s\u00e4mtlichen Sch\u00e4den und Anspr\u00fcchen Dritter frei, die auf einer<br \/>rechtswidrigen Verwendung des WLANs durch den Mieter und\/oder auf einem Versto\u00df gegen die vorliegende Vereinbarung<br \/>beruhen, dies erstreckt sich auch auf f\u00fcr mit der Inanspruchnahme bzw. deren Abwehr zusammenh\u00e4ngende Kosten und<br \/>Aufwendungen.<br \/>Erkennt der Mieter oder muss er erkennen, dass eine solche Rechtsverletzung und\/oder ein solcher Versto\u00df vorliegt oder<br \/>droht, weist er den Vermieter des Ferienobjektes auf diesen Umstand hin.<\/p>\n<h3>\u00a7 9 HAUSORDNUNG, ALLGEMEINE RECHTE UND PFLICHTEN<\/h3>\n<p>&#8211; Der Gast ist zur Einhaltung der Hausordnung verpflichtet. Von 22.00 Uhr bis 7.00 Uhr gilt die Nachtruhe. Um St\u00f6rungen zu<br \/>vermeiden, sind TV- und Audioger\u00e4te auf Zimmerlautst\u00e4rke einzustellen.<br \/>&#8211; F\u00fcr die Dauer der \u00dcberlassung der Ferienwohnung ist der Gast verpflichtet, bei Verlassen der Ferienwohnung Fenster<br \/>(au\u00dfer angekippt) und T\u00fcren geschlossen zu halten.<br \/>&#8211; Die Mitnahme bzw. Unterbringung von Tiere jedweder Art ist nicht erlaubt.<br \/>&#8211; In der Ferienwohnung gilt ein allgemeines Rauchverbot. Bei Zuwiderhandlungen kann der Anbieter eine<br \/>Reinigungspauschale in H\u00f6he von bis zu 500,00 Euro (netto) in Rechnung stellen.<br \/>Rauchen ist nur auf Balkonen und Terrassen erlaubt.<br \/>&#8211; Unser hauseigener Parkplatz bietet PKW-Stellpl\u00e4tze. Bitte achten Sie darauf, dass keine Fahrzeuge die Ausfahrt der<br \/>Garage sowie der Hofeinfahrt behindern. Das Hoftor ist stets geschlossen zu halten!<br \/>&#8211; Die Ein- und\/oder Anbringung von Materialien zur Dekoration o. \u00e4. ist in der Ferienwohnung nicht erlaubt. Der Gast haftet f\u00fcr gleichwohl ein- und\/oder angebrachte Dekoration o. \u00f6. allein und stellt den Anbieter von Anspr\u00fcchen Dritter frei.<br \/>Er ist au\u00dferdem zum Ersatz von Sch\u00e4den durch die Ein- und oder Anbringung von Dekoration o. \u00e4. verpflichtet.<br \/>&#8211; Der Anbieter hat ein jederzeitiges Zutrittsrecht zu der Ferienwohnung, insbesondere bei Gefahr im Verzug. Auf die<br \/>schutzw\u00fcrdigen Belange des Gastes ist bei der Aus\u00fcbung des Zutrittsrechts angemessen R\u00fccksicht zu nehmen. Der<br \/>Anbieter wird den Gast \u00fcber die Aus\u00fcbung des Zutrittsrechts vorab informieren, es sei denn, dies ist ihm nach den<br \/>Umst\u00e4nden des Einzelfalls nicht zumutbar oder unm\u00f6glich.<\/p>\n<h3>\u00a7 10 DATENSCHUTZ \/ COOKIES<\/h3>\n<p>Der Mieter erkl\u00e4rt sich damit einverstanden, dass im Rahmen des mit ihm abgeschlossenen Vertrages notwendige Daten<br \/>\u00fcber seine Person gespeichert, ge\u00e4ndert und \/ oder gel\u00f6scht werden. Alle pers\u00f6nlichen Daten werden absolut vertraulich<br \/>behandelt.<br \/>Der Mieter best\u00e4tigt mit seiner Unterschrift, die Datenschutzerkl\u00e4rung des Vermieters, wie auf dessen Website ver\u00f6ffentlicht<br \/>sowie den dort beschriebenen Umgang mit sog. Cookies, sonstigen Plugins und Tools gelesen und akzeptiert zu haben.<\/p>\n<h3>\u00a7 11 SCHRIFTFORM, SALVATORISCHE KLAUSEL<\/h3>\n<p>\u00c4nderungen und Erg\u00e4nzungen dieses Vertrages bed\u00fcrfen der Schriftform. Dies gilt auch f\u00fcr die \u00c4nderung dieser<br \/>Schriftformklausel. Sollten einzelne Bestimmungen dieses Vertrages unwirksam oder undurchf\u00fchrbar sein oder nach<br \/>Vertragsschluss unwirksam oder undurchf\u00fchrbar werden, so wird dadurch die Wirksamkeit des Vertrages im \u00dcbrigen nicht<br \/>ber\u00fchrt. An die Stelle der unwirksamen oder undurchf\u00fchrbaren Bestimmung soll diejenige wirksame und durchf\u00fchrbare<br \/>Regelung treten, deren Wirkungen der wirtschaftlichen Zielsetzung m\u00f6glichst nahe kommen, welche die Vertragsparteien mit<br \/>der unwirksamen bzw. undurchf\u00fchrbaren Bestimmung verfolgt haben.<br \/>F\u00fcr den Fall, dass Sie mit einer Person, die nicht in Ihrem Land wohnt, den Vertrag schlie\u00dfen:<br \/>Dieser Vertrag unterliegt dem Recht der Bundesrepublik Deutschland<\/p>\n<h3>\u00a7 12 Gerichtsstand<\/h3>\n<p>F\u00fcr etwaige Streitigkeiten aus dem Vertragsverh\u00e4ltnis ist das Amtsgericht Bad D\u00fcrkheim zust\u00e4ndig.<\/p>[\/et_pb_text][\/et_pb_column][\/et_pb_row][\/et_pb_section]\n","protected":false},"excerpt":{"rendered":"<p>&nbsp; AGB Allgemeine Gesch\u00e4ftsbedingungen &nbsp; \u00a7 1 MIETGEGENSTAND UND SCHL\u00dcSSEL Adresse: Roter Turm-Weg 1, 67157 WachenheimEs gilt die in der Anlage beigef\u00fcgte Hausordnung. Die Hausordnung wird mit Unterschrift des Mietvertrages anerkannt.Das Mietobjekt ist ein Nichtraucherobjekt. Der Mieter ist berechtigt, w\u00e4hrend der Mietdauer die folgenden Einrichtungen zu benutzen: STELLPL\u00c4TZE (AUSGEWIESEN), GARTEN, LIEGEST\u00dcHLEDer Mieter erh\u00e4lt f\u00fcr die [&hellip;]<\/p>\n","protected":false},"author":1,"featured_media":0,"parent":0,"menu_order":0,"comment_status":"closed","ping_status":"closed","template":"","meta":{"_et_pb_use_builder":"on","_et_pb_old_content":"","_et_gb_content_width":"","footnotes":""},"class_list":["post-223047","page","type-page","status-publish","hentry"],"yoast_head":"<!-- This site is optimized with the Yoast SEO plugin v27.5 - https:\/\/yoast.com\/product\/yoast-seo-wordpress\/ -->\n<title>AGB - Villa Ludwig<\/title>\n<meta name=\"description\" content=\"Allgemeine Gesch\u00e4ftsbedingungen von Villa Ludwig 1826. Alle Informationen dazu finden sie hier.\" \/>\n<meta name=\"robots\" content=\"index, follow, max-snippet:-1, max-image-preview:large, max-video-preview:-1\" \/>\n<link rel=\"canonical\" href=\"https:\/\/villaludwig.de\/en\/agb\/\" \/>\n<meta property=\"og:locale\" content=\"en_US\" \/>\n<meta property=\"og:type\" content=\"article\" \/>\n<meta property=\"og:title\" content=\"AGB - Villa Ludwig\" \/>\n<meta property=\"og:description\" content=\"Allgemeine Gesch\u00e4ftsbedingungen von Villa Ludwig 1826. Alle Informationen dazu finden sie hier.\" \/>\n<meta property=\"og:url\" content=\"https:\/\/villaludwig.de\/en\/agb\/\" \/>\n<meta property=\"og:site_name\" content=\"Villa Ludwig\" \/>\n<meta property=\"article:publisher\" content=\"https:\/\/www.facebook.com\/people\/Villa-Ludwig-1826-Ferienwohnungen\/100063462909862\/\" \/>\n<meta property=\"article:modified_time\" content=\"2023-05-12T09:30:26+00:00\" \/>\n<meta name=\"twitter:card\" content=\"summary_large_image\" \/>\n<meta name=\"twitter:label1\" content=\"Est. reading time\" \/>\n\t<meta name=\"twitter:data1\" content=\"10 minutes\" \/>\n<script type=\"application\/ld+json\" class=\"yoast-schema-graph\">{\"@context\":\"https:\\\/\\\/schema.org\",\"@graph\":[{\"@type\":\"WebPage\",\"@id\":\"https:\\\/\\\/villaludwig.de\\\/agb\\\/\",\"url\":\"https:\\\/\\\/villaludwig.de\\\/agb\\\/\",\"name\":\"AGB - Villa Ludwig\",\"isPartOf\":{\"@id\":\"https:\\\/\\\/villaludwig.de\\\/#website\"},\"datePublished\":\"2023-05-05T09:21:46+00:00\",\"dateModified\":\"2023-05-12T09:30:26+00:00\",\"description\":\"Allgemeine Gesch\u00e4ftsbedingungen von Villa Ludwig 1826. Alle Informationen dazu finden sie hier.\",\"breadcrumb\":{\"@id\":\"https:\\\/\\\/villaludwig.de\\\/agb\\\/#breadcrumb\"},\"inLanguage\":\"en-US\",\"potentialAction\":[{\"@type\":\"ReadAction\",\"target\":[\"https:\\\/\\\/villaludwig.de\\\/agb\\\/\"]}]},{\"@type\":\"BreadcrumbList\",\"@id\":\"https:\\\/\\\/villaludwig.de\\\/agb\\\/#breadcrumb\",\"itemListElement\":[{\"@type\":\"ListItem\",\"position\":1,\"name\":\"Startseite\",\"item\":\"https:\\\/\\\/villaludwig.de\\\/\"},{\"@type\":\"ListItem\",\"position\":2,\"name\":\"AGB\"}]},{\"@type\":\"WebSite\",\"@id\":\"https:\\\/\\\/villaludwig.de\\\/#website\",\"url\":\"https:\\\/\\\/villaludwig.de\\\/\",\"name\":\"Villa Ludwig Ferienwohnungen\",\"description\":\"Luxus Ferienwohnungen in Wachenheim an der Weinstra\u00dfe\",\"publisher\":{\"@id\":\"https:\\\/\\\/villaludwig.de\\\/#organization\"},\"potentialAction\":[{\"@type\":\"SearchAction\",\"target\":{\"@type\":\"EntryPoint\",\"urlTemplate\":\"https:\\\/\\\/villaludwig.de\\\/?s={search_term_string}\"},\"query-input\":{\"@type\":\"PropertyValueSpecification\",\"valueRequired\":true,\"valueName\":\"search_term_string\"}}],\"inLanguage\":\"en-US\"},{\"@type\":\"Organization\",\"@id\":\"https:\\\/\\\/villaludwig.de\\\/#organization\",\"name\":\"Villa Ludwig Ferienwohnungen\",\"url\":\"https:\\\/\\\/villaludwig.de\\\/\",\"logo\":{\"@type\":\"ImageObject\",\"inLanguage\":\"en-US\",\"@id\":\"https:\\\/\\\/villaludwig.de\\\/#\\\/schema\\\/logo\\\/image\\\/\",\"url\":\"https:\\\/\\\/villaludwig.de\\\/wp-content\\\/uploads\\\/2020\\\/05\\\/Villa-Ludwig-Logo.png\",\"contentUrl\":\"https:\\\/\\\/villaludwig.de\\\/wp-content\\\/uploads\\\/2020\\\/05\\\/Villa-Ludwig-Logo.png\",\"width\":964,\"height\":964,\"caption\":\"Villa Ludwig Ferienwohnungen\"},\"image\":{\"@id\":\"https:\\\/\\\/villaludwig.de\\\/#\\\/schema\\\/logo\\\/image\\\/\"},\"sameAs\":[\"https:\\\/\\\/www.facebook.com\\\/people\\\/Villa-Ludwig-1826-Ferienwohnungen\\\/100063462909862\\\/\",\"https:\\\/\\\/www.instagram.com\\\/villaludwig\\\/\"]}]}<\/script>\n<!-- \/ Yoast SEO plugin. -->","yoast_head_json":{"title":"AGB - Villa Ludwig","description":"Allgemeine Gesch\u00e4ftsbedingungen von Villa Ludwig 1826. Alle Informationen dazu finden sie hier.","robots":{"index":"index","follow":"follow","max-snippet":"max-snippet:-1","max-image-preview":"max-image-preview:large","max-video-preview":"max-video-preview:-1"},"canonical":"https:\/\/villaludwig.de\/en\/agb\/","og_locale":"en_US","og_type":"article","og_title":"AGB - Villa Ludwig","og_description":"Allgemeine Gesch\u00e4ftsbedingungen von Villa Ludwig 1826. Alle Informationen dazu finden sie hier.","og_url":"https:\/\/villaludwig.de\/en\/agb\/","og_site_name":"Villa Ludwig","article_publisher":"https:\/\/www.facebook.com\/people\/Villa-Ludwig-1826-Ferienwohnungen\/100063462909862\/","article_modified_time":"2023-05-12T09:30:26+00:00","twitter_card":"summary_large_image","twitter_misc":{"Est. reading time":"10 minutes"},"schema":{"@context":"https:\/\/schema.org","@graph":[{"@type":"WebPage","@id":"https:\/\/villaludwig.de\/agb\/","url":"https:\/\/villaludwig.de\/agb\/","name":"AGB - Villa Ludwig","isPartOf":{"@id":"https:\/\/villaludwig.de\/#website"},"datePublished":"2023-05-05T09:21:46+00:00","dateModified":"2023-05-12T09:30:26+00:00","description":"Allgemeine Gesch\u00e4ftsbedingungen von Villa Ludwig 1826. Alle Informationen dazu finden sie hier.","breadcrumb":{"@id":"https:\/\/villaludwig.de\/agb\/#breadcrumb"},"inLanguage":"en-US","potentialAction":[{"@type":"ReadAction","target":["https:\/\/villaludwig.de\/agb\/"]}]},{"@type":"BreadcrumbList","@id":"https:\/\/villaludwig.de\/agb\/#breadcrumb","itemListElement":[{"@type":"ListItem","position":1,"name":"Startseite","item":"https:\/\/villaludwig.de\/"},{"@type":"ListItem","position":2,"name":"AGB"}]},{"@type":"WebSite","@id":"https:\/\/villaludwig.de\/#website","url":"https:\/\/villaludwig.de\/","name":"Villa Ludwig Ferienwohnungen","description":"Luxus Ferienwohnungen in Wachenheim an der Weinstra\u00dfe","publisher":{"@id":"https:\/\/villaludwig.de\/#organization"},"potentialAction":[{"@type":"SearchAction","target":{"@type":"EntryPoint","urlTemplate":"https:\/\/villaludwig.de\/?s={search_term_string}"},"query-input":{"@type":"PropertyValueSpecification","valueRequired":true,"valueName":"search_term_string"}}],"inLanguage":"en-US"},{"@type":"Organization","@id":"https:\/\/villaludwig.de\/#organization","name":"Villa Ludwig Ferienwohnungen","url":"https:\/\/villaludwig.de\/","logo":{"@type":"ImageObject","inLanguage":"en-US","@id":"https:\/\/villaludwig.de\/#\/schema\/logo\/image\/","url":"https:\/\/villaludwig.de\/wp-content\/uploads\/2020\/05\/Villa-Ludwig-Logo.png","contentUrl":"https:\/\/villaludwig.de\/wp-content\/uploads\/2020\/05\/Villa-Ludwig-Logo.png","width":964,"height":964,"caption":"Villa Ludwig Ferienwohnungen"},"image":{"@id":"https:\/\/villaludwig.de\/#\/schema\/logo\/image\/"},"sameAs":["https:\/\/www.facebook.com\/people\/Villa-Ludwig-1826-Ferienwohnungen\/100063462909862\/","https:\/\/www.instagram.com\/villaludwig\/"]}]}},"_links":{"self":[{"href":"https:\/\/villaludwig.de\/en\/wp-json\/wp\/v2\/pages\/223047","targetHints":{"allow":["GET"]}}],"collection":[{"href":"https:\/\/villaludwig.de\/en\/wp-json\/wp\/v2\/pages"}],"about":[{"href":"https:\/\/villaludwig.de\/en\/wp-json\/wp\/v2\/types\/page"}],"author":[{"embeddable":true,"href":"https:\/\/villaludwig.de\/en\/wp-json\/wp\/v2\/users\/1"}],"replies":[{"embeddable":true,"href":"https:\/\/villaludwig.de\/en\/wp-json\/wp\/v2\/comments?post=223047"}],"version-history":[{"count":6,"href":"https:\/\/villaludwig.de\/en\/wp-json\/wp\/v2\/pages\/223047\/revisions"}],"predecessor-version":[{"id":223064,"href":"https:\/\/villaludwig.de\/en\/wp-json\/wp\/v2\/pages\/223047\/revisions\/223064"}],"wp:attachment":[{"href":"https:\/\/villaludwig.de\/en\/wp-json\/wp\/v2\/media?parent=223047"}],"curies":[{"name":"wp","href":"https:\/\/api.w.org\/{rel}","templated":true}]}}